{"id":33578,"date":"2020-09-14T08:53:47","date_gmt":"2020-09-14T08:53:47","guid":{"rendered":"https:\/\/naturapura.com\/naturapura-babyclub-2\/"},"modified":"2022-04-14T14:32:44","modified_gmt":"2022-04-14T14:32:44","slug":"naturapura-babyclub-2","status":"publish","type":"page","link":"https:\/\/naturapura.com\/de\/naturapura-babyclub-2\/","title":{"rendered":"NaturaPura BabyClub"},"content":{"rendered":"\n<div class=\"row\"  id=\"row-844754727\">\n\n\n\t<div id=\"col-355825162\" class=\"col medium-1 small-12 large-1\"  >\n\t\t\t\t<div class=\"col-inner\"  >\n\t\t\t\n\t\t\t\n\n\n\t\t<\/div>\n\t\t\t\t\t<\/div>\n\n\t\n\n\t<div id=\"col-1902805054\" class=\"col medium-10 small-12 large-10\"  >\n\t\t\t\t<div class=\"col-inner\"  >\n\t\t\t\n\t\t\t\n\n\t<div id=\"text-1840884783\" class=\"text\">\n\t\t\n\n<h2 style=\"text-align: center;\"><strong>Natura Pura Baby Club<\/strong><\/h2>\r\n<p style=\"text-align: justify;\">Das Treueprogramm des <strong>NaturaPura Baby Clubs<\/strong> ist exklusiv f\u00fcr Kunden, die in unserem Online-Shop registriert sind.<\/p>\r\n<p style=\"text-align: justify;\">Mit diesem Programm k\u00f6nnen Sie als registrierter Kunde beim Kauf von Artikeln ohne Rabatt Punkte (\u201e<strong>NPoints<\/strong>\u201c), im Verh\u00e4ltnis von <strong>einem Punkt pro EURO (USD \/ GBP)<\/strong>, erhalten. Bitte beachten Sie jedoch, dass die gesammelten Punkte nur als Rabatt auf nachfolgende Eink\u00e4ufe verwendet werden k\u00f6nnen.<\/p>\r\n<p style=\"text-align: justify;\">Bei jedem Einkauf werden wir versuchen, den maximalen Rabatt, den die gesammelten Punkte und der Wert des Kaufs zulassen, gutzuschreiben. Der Mindestrabattbetrag betr\u00e4gt <strong>10 EURO (USD \/ GBP)<\/strong>, was der Verwendung von <strong>200 Punkten<\/strong> entspricht. Wenn Sie jedoch einen Rabatt wegen der Verwendung von Punkten erhalten, k\u00f6nnen Sie diesen nicht mit anderen Angeboten erhalten.<\/p>\r\n<p style=\"text-align: justify;\">Wenn Sie m\u00f6chten, k\u00f6nnen Sie den Rabatt nicht sofort einl\u00f6sen und weiterhin Punkte f\u00fcr zuk\u00fcnftige Eink\u00e4ufe sammeln. So k\u00f6nnen Sie mit der Ansammlung von 500 Punkten auch eine der Puppen in unserer Sammlung erwerben. Nutzen Sie diese M\u00f6glichkeit! Unsere Kuschelpuppen sind einzigartig, sicher, frei von Chemikalien und das Beste f\u00fcr das Baby (lesen Sie bitte <a href=\"https:\/\/naturapura.com\/de\/unsere-bio-baumwolle-fur-baby-2\/\"><strong>Unsere Bio-Baumwolle f\u00fcr Babys<\/strong><\/a><strong>).<\/strong><\/p>\r\n<p style=\"text-align: justify;\">Falls Sie die Stoffpuppe m\u00f6chten, schicken Sie uns bitte eine E-Mail an <strong><a href=\"mailto:customer.service@naturapura.eu\">customer.service@naturapura.eu<\/a><\/strong>. Wir senden Ihnen dann einen Rabattgutschein f\u00fcr den Kauf Ihrer Lieblingspuppe in unserem Online-Shop.<\/p>\r\n<p style=\"text-align: justify;\">Vergessen Sie nicht, dass die Punkte nach 360 Tagen nach dem Kaufdatum verfallen. Lassen Sie sie nicht ablaufen!<\/p>\n\t\t\n<style>\n#text-1840884783 {\n  text-align: center;\n}\n<\/style>\n\t<\/div>\n\t\n\n\t\t<\/div>\n\t\t\t\t\t<\/div>\n\n\t\n\n<\/div>\n\n","protected":false},"excerpt":{"rendered":"","protected":false},"author":18,"featured_media":0,"parent":0,"menu_order":0,"comment_status":"closed","ping_status":"closed","template":"","meta":{"footnotes":""},"class_list":["post-33578","page","type-page","status-publish","hentry"],"yoast_head":"<!-- This site is optimized with the Yoast SEO plugin v27.3 - https:\/\/yoast.com\/product\/yoast-seo-wordpress\/ -->\n<title>NaturaPura BabyClub - NaturaPura<\/title>\n<meta name=\"description\" content=\"Dieses Programm gew\u00e4hrt unseren registrierten Kunden einen Punkt pro EURO (USD \/ GBP) an Eink\u00e4ufen beim Kauf von Artikeln, die nicht zum Verkauf stehen.\" \/>\n<meta name=\"robots\" content=\"index, follow, max-snippet:-1, max-image-preview:large, max-video-preview:-1\" \/>\n<link rel=\"canonical\" href=\"https:\/\/naturapura.com\/de\/naturapura-babyclub-2\/\" \/>\n<meta property=\"og:locale\" content=\"de_DE\" \/>\n<meta property=\"og:type\" content=\"article\" \/>\n<meta property=\"og:title\" content=\"NaturaPura BabyClub - NaturaPura\" \/>\n<meta property=\"og:description\" content=\"Dieses Programm gew\u00e4hrt unseren registrierten Kunden einen Punkt pro EURO (USD \/ GBP) an Eink\u00e4ufen beim Kauf von Artikeln, die nicht zum Verkauf stehen.\" \/>\n<meta property=\"og:url\" content=\"https:\/\/naturapura.com\/de\/naturapura-babyclub-2\/\" \/>\n<meta property=\"og:site_name\" content=\"NaturaPura\" \/>\n<meta property=\"article:modified_time\" content=\"2022-04-14T14:32:44+00:00\" \/>\n<meta name=\"twitter:card\" content=\"summary_large_image\" \/>\n<meta name=\"twitter:label1\" content=\"Gesch\u00e4tzte Lesezeit\" \/>\n\t<meta name=\"twitter:data1\" content=\"1\u00a0Minute\" \/>\n<script type=\"application\/ld+json\" class=\"yoast-schema-graph\">{\"@context\":\"https:\\\/\\\/schema.org\",\"@graph\":[{\"@type\":\"WebPage\",\"@id\":\"https:\\\/\\\/naturapura.com\\\/de\\\/naturapura-babyclub-2\\\/\",\"url\":\"https:\\\/\\\/naturapura.com\\\/de\\\/naturapura-babyclub-2\\\/\",\"name\":\"NaturaPura BabyClub - NaturaPura\",\"isPartOf\":{\"@id\":\"https:\\\/\\\/naturapura.com\\\/de\\\/#website\"},\"datePublished\":\"2020-09-14T08:53:47+00:00\",\"dateModified\":\"2022-04-14T14:32:44+00:00\",\"description\":\"Dieses Programm gew\u00e4hrt unseren registrierten Kunden einen Punkt pro EURO (USD \\\/ GBP) an Eink\u00e4ufen beim Kauf von Artikeln, die nicht zum Verkauf stehen.\",\"breadcrumb\":{\"@id\":\"https:\\\/\\\/naturapura.com\\\/de\\\/naturapura-babyclub-2\\\/#breadcrumb\"},\"inLanguage\":\"de\",\"potentialAction\":[{\"@type\":\"ReadAction\",\"target\":[\"https:\\\/\\\/naturapura.com\\\/de\\\/naturapura-babyclub-2\\\/\"]}]},{\"@type\":\"BreadcrumbList\",\"@id\":\"https:\\\/\\\/naturapura.com\\\/de\\\/naturapura-babyclub-2\\\/#breadcrumb\",\"itemListElement\":[{\"@type\":\"ListItem\",\"position\":1,\"name\":\"In\u00edcio\",\"item\":\"https:\\\/\\\/naturapura.com\\\/de\\\/\"},{\"@type\":\"ListItem\",\"position\":2,\"name\":\"NaturaPura BabyClub\"}]},{\"@type\":\"WebSite\",\"@id\":\"https:\\\/\\\/naturapura.com\\\/de\\\/#website\",\"url\":\"https:\\\/\\\/naturapura.com\\\/de\\\/\",\"name\":\"NaturaPura\",\"description\":\"Roupinha de Beb\u00e9 e Complementos em Org\u00e2nico\",\"publisher\":{\"@id\":\"https:\\\/\\\/naturapura.com\\\/de\\\/#organization\"},\"potentialAction\":[{\"@type\":\"SearchAction\",\"target\":{\"@type\":\"EntryPoint\",\"urlTemplate\":\"https:\\\/\\\/naturapura.com\\\/de\\\/?s={search_term_string}\"},\"query-input\":{\"@type\":\"PropertyValueSpecification\",\"valueRequired\":true,\"valueName\":\"search_term_string\"}}],\"inLanguage\":\"de\"},{\"@type\":\"Organization\",\"@id\":\"https:\\\/\\\/naturapura.com\\\/de\\\/#organization\",\"name\":\"NATURAPURA\",\"url\":\"https:\\\/\\\/naturapura.com\\\/de\\\/\",\"logo\":{\"@type\":\"ImageObject\",\"inLanguage\":\"de\",\"@id\":\"https:\\\/\\\/naturapura.com\\\/de\\\/#\\\/schema\\\/logo\\\/image\\\/\",\"url\":\"https:\\\/\\\/i0.wp.com\\\/naturapura.com\\\/wp-content\\\/uploads\\\/2023\\\/09\\\/logo-NP-bebe.png?fit=481%2C101&ssl=1\",\"contentUrl\":\"https:\\\/\\\/i0.wp.com\\\/naturapura.com\\\/wp-content\\\/uploads\\\/2023\\\/09\\\/logo-NP-bebe.png?fit=481%2C101&ssl=1\",\"width\":481,\"height\":101,\"caption\":\"NATURAPURA\"},\"image\":{\"@id\":\"https:\\\/\\\/naturapura.com\\\/de\\\/#\\\/schema\\\/logo\\\/image\\\/\"}}]}<\/script>\n<!-- \/ Yoast SEO plugin. -->","yoast_head_json":{"title":"NaturaPura BabyClub - NaturaPura","description":"Dieses Programm gew\u00e4hrt unseren registrierten Kunden einen Punkt pro EURO (USD \/ GBP) an Eink\u00e4ufen beim Kauf von Artikeln, die nicht zum Verkauf stehen.","robots":{"index":"index","follow":"follow","max-snippet":"max-snippet:-1","max-image-preview":"max-image-preview:large","max-video-preview":"max-video-preview:-1"},"canonical":"https:\/\/naturapura.com\/de\/naturapura-babyclub-2\/","og_locale":"de_DE","og_type":"article","og_title":"NaturaPura BabyClub - NaturaPura","og_description":"Dieses Programm gew\u00e4hrt unseren registrierten Kunden einen Punkt pro EURO (USD \/ GBP) an Eink\u00e4ufen beim Kauf von Artikeln, die nicht zum Verkauf stehen.","og_url":"https:\/\/naturapura.com\/de\/naturapura-babyclub-2\/","og_site_name":"NaturaPura","article_modified_time":"2022-04-14T14:32:44+00:00","twitter_card":"summary_large_image","twitter_misc":{"Gesch\u00e4tzte Lesezeit":"1\u00a0Minute"},"schema":{"@context":"https:\/\/schema.org","@graph":[{"@type":"WebPage","@id":"https:\/\/naturapura.com\/de\/naturapura-babyclub-2\/","url":"https:\/\/naturapura.com\/de\/naturapura-babyclub-2\/","name":"NaturaPura BabyClub - NaturaPura","isPartOf":{"@id":"https:\/\/naturapura.com\/de\/#website"},"datePublished":"2020-09-14T08:53:47+00:00","dateModified":"2022-04-14T14:32:44+00:00","description":"Dieses Programm gew\u00e4hrt unseren registrierten Kunden einen Punkt pro EURO (USD \/ GBP) an Eink\u00e4ufen beim Kauf von Artikeln, die nicht zum Verkauf stehen.","breadcrumb":{"@id":"https:\/\/naturapura.com\/de\/naturapura-babyclub-2\/#breadcrumb"},"inLanguage":"de","potentialAction":[{"@type":"ReadAction","target":["https:\/\/naturapura.com\/de\/naturapura-babyclub-2\/"]}]},{"@type":"BreadcrumbList","@id":"https:\/\/naturapura.com\/de\/naturapura-babyclub-2\/#breadcrumb","itemListElement":[{"@type":"ListItem","position":1,"name":"In\u00edcio","item":"https:\/\/naturapura.com\/de\/"},{"@type":"ListItem","position":2,"name":"NaturaPura BabyClub"}]},{"@type":"WebSite","@id":"https:\/\/naturapura.com\/de\/#website","url":"https:\/\/naturapura.com\/de\/","name":"NaturaPura","description":"Roupinha de Beb\u00e9 e Complementos em Org\u00e2nico","publisher":{"@id":"https:\/\/naturapura.com\/de\/#organization"},"potentialAction":[{"@type":"SearchAction","target":{"@type":"EntryPoint","urlTemplate":"https:\/\/naturapura.com\/de\/?s={search_term_string}"},"query-input":{"@type":"PropertyValueSpecification","valueRequired":true,"valueName":"search_term_string"}}],"inLanguage":"de"},{"@type":"Organization","@id":"https:\/\/naturapura.com\/de\/#organization","name":"NATURAPURA","url":"https:\/\/naturapura.com\/de\/","logo":{"@type":"ImageObject","inLanguage":"de","@id":"https:\/\/naturapura.com\/de\/#\/schema\/logo\/image\/","url":"https:\/\/i0.wp.com\/naturapura.com\/wp-content\/uploads\/2023\/09\/logo-NP-bebe.png?fit=481%2C101&ssl=1","contentUrl":"https:\/\/i0.wp.com\/naturapura.com\/wp-content\/uploads\/2023\/09\/logo-NP-bebe.png?fit=481%2C101&ssl=1","width":481,"height":101,"caption":"NATURAPURA"},"image":{"@id":"https:\/\/naturapura.com\/de\/#\/schema\/logo\/image\/"}}]}},"jetpack_sharing_enabled":true,"_links":{"self":[{"href":"https:\/\/naturapura.com\/de\/wp-json\/wp\/v2\/pages\/33578","targetHints":{"allow":["GET"]}}],"collection":[{"href":"https:\/\/naturapura.com\/de\/wp-json\/wp\/v2\/pages"}],"about":[{"href":"https:\/\/naturapura.com\/de\/wp-json\/wp\/v2\/types\/page"}],"author":[{"embeddable":true,"href":"https:\/\/naturapura.com\/de\/wp-json\/wp\/v2\/users\/18"}],"replies":[{"embeddable":true,"href":"https:\/\/naturapura.com\/de\/wp-json\/wp\/v2\/comments?post=33578"}],"version-history":[{"count":0,"href":"https:\/\/naturapura.com\/de\/wp-json\/wp\/v2\/pages\/33578\/revisions"}],"wp:attachment":[{"href":"https:\/\/naturapura.com\/de\/wp-json\/wp\/v2\/media?parent=33578"}],"curies":[{"name":"wp","href":"https:\/\/api.w.org\/{rel}","templated":true}]}}