{"id":33570,"date":"2020-09-14T08:48:05","date_gmt":"2020-09-14T08:48:05","guid":{"rendered":"https:\/\/naturapura.com\/eu-ecolabel-und-dermatologische-tests\/"},"modified":"2020-10-19T08:26:48","modified_gmt":"2020-10-19T08:26:48","slug":"eu-ecolabel-und-dermatologische-tests","status":"publish","type":"page","link":"https:\/\/naturapura.com\/de\/eu-ecolabel-und-dermatologische-tests\/","title":{"rendered":"EU-EcoLabel und dermatologische Tests"},"content":{"rendered":"\n<div class=\"row\"  id=\"row-1420970562\">\n\n\n\t<div id=\"col-1777476068\" class=\"col medium-1 small-12 large-1\"  >\n\t\t\t\t<div class=\"col-inner\"  >\n\t\t\t\n\t\t\t\n\n\n\t\t<\/div>\n\t\t\t\t\t<\/div>\n\n\t\n\n\t<div id=\"col-503751918\" class=\"col medium-10 small-12 large-10\"  >\n\t\t\t\t<div class=\"col-inner\"  >\n\t\t\t\n\t\t\t\n\n<h2><strong>EU-Ecolabel und dermatologische Tests<\/strong><\/h2>\r\n<p style=\"text-align: justify;\">NaturaPura versichert durch die EU-Ecolabel-Zertifizierung und dermatologische Tests, dass die Produkte:\u00a0<\/p>\r\n<ul style=\"text-align: justify;\"><li><strong>Keine sch\u00e4dlichen Chemikalien<\/strong> f\u00fcr die Gesundheit Ihres Babys haben.<\/li>\r\n<li><strong>Keine Allergien<\/strong> auf der empfindlichen Haut verursachen.\u00a0<\/li>\r\n<\/ul><h3 style=\"text-align: justify;\"><strong>EU-Ecolabel (Europ\u00e4isches Umweltzeichen)\u00a0<\/strong><\/h3>\r\n<p style=\"text-align: justify;\"><strong>NaturaPura<\/strong> hat seine Produkte mit dem <strong>EU-Ecolabel<\/strong>, dem Europ\u00e4ischen Umweltzeichen (<a href=\"http:\/\/ec.europa.eu\/ecat\/products\/en\/21992\/naturapura-iberica---prod\"><strong>Lizenz PT \/ 016\/001<\/strong><\/a>), welches von der Europ\u00e4ischen Union vergeben wird, zertifiziert.<\/p>\r\n<p style=\"text-align: justify;\">Dieses Umweltzeichen garantiert, dass eine Produktion strenge \u00f6kologische Kriterien sowie Leistungskriterien erf\u00fcllt.\u00a0<\/p>\r\n<p style=\"text-align: justify;\">Das Umweltzeichen (<strong>EU-Ecolabel<\/strong>) zeichnet <strong>umweltfreundliche Produkte<\/strong> und Dienstleistungen aus, die mit nachhaltigen und umweltfreundlichen Verfahren hergestellt werden. Um <strong>NaturaPura <\/strong>mit dem <strong>Umweltzeichen<\/strong> auszuzeichnen, musste Folgendes<strong> sichergestellt<\/strong> werden:<\/p>\r\n<ul style=\"text-align: justify;\"><li>Die Beschr\u00e4nkung der Verwendung von Substanzen, die w\u00e4hrend der Faserherstellung sch\u00e4dliche Auswirkungen auf Luft und Wasser haben;<\/li>\r\n<li>Die wirksame Verringerung des Risikos allergischer Reaktionen (sehr wichtig bei <strong>empfindlicher Babyhaut<\/strong>);<\/li>\r\n<li>Die ausgezeichnete Qualit\u00e4t der Stoffe;<\/li>\r\n<li>Die Farbbest\u00e4ndigkeit von Stoffen beim Waschen, Trocknen und bei Sonneneinstrahlung.<\/li>\r\n<\/ul><p style=\"text-align: justify;\">Diese Ergebnisse h\u00e4ngen in hohem Ma\u00dfe von der ausschlie\u00dflichen Verwendung von ungef\u00e4rbten Stoffen aus 100% Bio-Baumwolle ab, ganz frei von chemischen Produkten und in ihren nat\u00fcrlichen Farben, Natur pur.\u00a0<\/p>\r\n<p><img data-recalc-dims=\"1\" decoding=\"async\" class=\"wp-image-19985 aligncenter\" src=\"https:\/\/i0.wp.com\/naturapura.com\/wp-content\/uploads\/2019\/12\/ECOLABEL_SEM-FUNDO.png?resize=186%2C184&#038;ssl=1\" alt=\"\" width=\"186\" height=\"184\" srcset=\"https:\/\/i0.wp.com\/naturapura.com\/wp-content\/uploads\/2019\/12\/ECOLABEL_SEM-FUNDO.png?resize=300%2C297&amp;ssl=1 300w, https:\/\/i0.wp.com\/naturapura.com\/wp-content\/uploads\/2019\/12\/ECOLABEL_SEM-FUNDO.png?resize=100%2C100&amp;ssl=1 100w, https:\/\/i0.wp.com\/naturapura.com\/wp-content\/uploads\/2019\/12\/ECOLABEL_SEM-FUNDO.png?w=356&amp;ssl=1 356w\" sizes=\"(max-width: 186px) 100vw, 186px\" \/><\/p>\r\n<h3 style=\"text-align: justify;\"><strong>Dermatologische Tests <\/strong><\/h3>\r\n<p style=\"text-align: justify;\"><a href=\"https:\/\/www.itvp-denkendorf.de\/de\/home.html\"><strong>ITV<\/strong><\/a> in Deutschland und <a href=\"https:\/\/www.biositehisto.com\/\"><strong><u>BioSiteHisto<\/u><\/strong><\/a> in Finnland f\u00fchren an <strong>Natura Pura<\/strong>-Stoffen <strong>dermatologische Tests<\/strong> durch, um zu beweisen, dass <strong>keine Allergien gegen die empfindliche Haut von Babys<\/strong> ausgel\u00f6st werden und somit die idealen Stoffe f\u00fcr jedes Baby sind, besonders wenn es zu Allergien neigt.\u00a0 \u00a0<\/p>\r\n<p><img data-recalc-dims=\"1\" decoding=\"async\" class=\"wp-image-33572 aligncenter\" src=\"https:\/\/i0.wp.com\/naturapura.com\/wp-content\/uploads\/2020\/06\/222.png?resize=194%2C111&#038;ssl=1\" alt=\"\" width=\"194\" height=\"111\"\/><img data-recalc-dims=\"1\" decoding=\"async\" class=\"size-medium wp-image-33573 aligncenter\" src=\"https:\/\/i0.wp.com\/naturapura.com\/wp-content\/uploads\/2020\/06\/66666.png?resize=300%2C76&#038;ssl=1\" alt=\"\" width=\"300\" height=\"76\" srcset=\"https:\/\/i0.wp.com\/naturapura.com\/wp-content\/uploads\/2020\/06\/66666.png?resize=300%2C76&amp;ssl=1 300w, https:\/\/i0.wp.com\/naturapura.com\/wp-content\/uploads\/2020\/06\/66666.png?w=437&amp;ssl=1 437w\" sizes=\"(max-width: 300px) 100vw, 300px\" \/>\u00a0 \u00a0 \u00a0 \u00a0 \u00a0 \u00a0 \u00a0 \u00a0<\/p>\r\n<h3 style=\"text-align: justify;\"><strong>Sicherheit von NaturaPura Pl\u00fcschtieren<\/strong><\/h3>\r\n<p style=\"text-align: justify;\"><strong>NaturaPura-Stoffspielzeuge<\/strong> bieten alle Vorteile, die sich aus der Herstellung von <a href=\"https:\/\/naturapura.com\/de\/unsere-bio-baumwolle-fur-baby\/\"><strong>Bio-Baumwolle<\/strong><\/a> in ihren <strong>nat\u00fcrlichen Farben<\/strong>, ungef\u00e4rbt und <strong>ohne Chemikalien,<\/strong> ergeben. Es wird also kein Problem f\u00fcr die <strong>Gesundheit des Babys<\/strong> geben, wenn es Stoffspielzeuge zum Mund f\u00fchrt, was sicherlich passieren wird. Dar\u00fcber hinaus werden diese bei <a href=\"https:\/\/www.catim.pt\/\"><strong>CATIM<\/strong><\/a> in Portugal getestet, um sicherzustellen, dass die europ\u00e4ischen Normen EN 71-1, EN 71-2 und EN 71-3 eingehalten werden.<\/p>\n\n\t\t<\/div>\n\t\t\t\t\t<\/div>\n\n\t\n\n<\/div>\n\n","protected":false},"excerpt":{"rendered":"","protected":false},"author":18,"featured_media":0,"parent":0,"menu_order":0,"comment_status":"closed","ping_status":"closed","template":"","meta":{"footnotes":""},"class_list":["post-33570","page","type-page","status-publish","hentry"],"yoast_head":"<!-- This site is optimized with the Yoast SEO plugin v27.4 - https:\/\/yoast.com\/product\/yoast-seo-wordpress\/ -->\n<title>EU-EcoLabel und dermatologische Tests - NaturaPura<\/title>\n<meta name=\"description\" content=\"NaturaPura garantiert, dass seine Produkte keine Gesundheitssch\u00e4dlichen Chemikalien f\u00fcr Ihr Baby haben und keine Allergien auf ihrer empfindlichen Haut verursachen.\" \/>\n<meta name=\"robots\" content=\"index, follow, max-snippet:-1, max-image-preview:large, max-video-preview:-1\" \/>\n<link rel=\"canonical\" href=\"https:\/\/naturapura.com\/de\/eu-ecolabel-und-dermatologische-tests\/\" \/>\n<meta property=\"og:locale\" content=\"de_DE\" \/>\n<meta property=\"og:type\" content=\"article\" \/>\n<meta property=\"og:title\" content=\"EU-EcoLabel und dermatologische Tests - NaturaPura\" \/>\n<meta property=\"og:description\" content=\"NaturaPura garantiert, dass seine Produkte keine Gesundheitssch\u00e4dlichen Chemikalien f\u00fcr Ihr Baby haben und keine Allergien auf ihrer empfindlichen Haut verursachen.\" \/>\n<meta property=\"og:url\" content=\"https:\/\/naturapura.com\/de\/eu-ecolabel-und-dermatologische-tests\/\" \/>\n<meta property=\"og:site_name\" content=\"NaturaPura\" \/>\n<meta property=\"article:modified_time\" content=\"2020-10-19T08:26:48+00:00\" \/>\n<meta property=\"og:image\" content=\"https:\/\/naturapura.com\/wp-content\/uploads\/2019\/12\/ECOLABEL_SEM-FUNDO-300x297.png\" \/>\n<meta name=\"twitter:card\" content=\"summary_large_image\" \/>\n<meta name=\"twitter:label1\" content=\"Gesch\u00e4tzte Lesezeit\" \/>\n\t<meta name=\"twitter:data1\" content=\"2\u00a0Minuten\" \/>\n<script type=\"application\/ld+json\" class=\"yoast-schema-graph\">{\"@context\":\"https:\\\/\\\/schema.org\",\"@graph\":[{\"@type\":\"WebPage\",\"@id\":\"https:\\\/\\\/naturapura.com\\\/de\\\/eu-ecolabel-und-dermatologische-tests\\\/\",\"url\":\"https:\\\/\\\/naturapura.com\\\/de\\\/eu-ecolabel-und-dermatologische-tests\\\/\",\"name\":\"EU-EcoLabel und dermatologische Tests - NaturaPura\",\"isPartOf\":{\"@id\":\"https:\\\/\\\/naturapura.com\\\/de\\\/#website\"},\"primaryImageOfPage\":{\"@id\":\"https:\\\/\\\/naturapura.com\\\/de\\\/eu-ecolabel-und-dermatologische-tests\\\/#primaryimage\"},\"image\":{\"@id\":\"https:\\\/\\\/naturapura.com\\\/de\\\/eu-ecolabel-und-dermatologische-tests\\\/#primaryimage\"},\"thumbnailUrl\":\"https:\\\/\\\/naturapura.com\\\/wp-content\\\/uploads\\\/2019\\\/12\\\/ECOLABEL_SEM-FUNDO-300x297.png\",\"datePublished\":\"2020-09-14T08:48:05+00:00\",\"dateModified\":\"2020-10-19T08:26:48+00:00\",\"description\":\"NaturaPura garantiert, dass seine Produkte keine Gesundheitssch\u00e4dlichen Chemikalien f\u00fcr Ihr Baby haben und keine Allergien auf ihrer empfindlichen Haut verursachen.\",\"breadcrumb\":{\"@id\":\"https:\\\/\\\/naturapura.com\\\/de\\\/eu-ecolabel-und-dermatologische-tests\\\/#breadcrumb\"},\"inLanguage\":\"de\",\"potentialAction\":[{\"@type\":\"ReadAction\",\"target\":[\"https:\\\/\\\/naturapura.com\\\/de\\\/eu-ecolabel-und-dermatologische-tests\\\/\"]}]},{\"@type\":\"ImageObject\",\"inLanguage\":\"de\",\"@id\":\"https:\\\/\\\/naturapura.com\\\/de\\\/eu-ecolabel-und-dermatologische-tests\\\/#primaryimage\",\"url\":\"https:\\\/\\\/naturapura.com\\\/wp-content\\\/uploads\\\/2019\\\/12\\\/ECOLABEL_SEM-FUNDO-300x297.png\",\"contentUrl\":\"https:\\\/\\\/naturapura.com\\\/wp-content\\\/uploads\\\/2019\\\/12\\\/ECOLABEL_SEM-FUNDO-300x297.png\"},{\"@type\":\"BreadcrumbList\",\"@id\":\"https:\\\/\\\/naturapura.com\\\/de\\\/eu-ecolabel-und-dermatologische-tests\\\/#breadcrumb\",\"itemListElement\":[{\"@type\":\"ListItem\",\"position\":1,\"name\":\"In\u00edcio\",\"item\":\"https:\\\/\\\/naturapura.com\\\/de\\\/\"},{\"@type\":\"ListItem\",\"position\":2,\"name\":\"EU-EcoLabel und dermatologische Tests\"}]},{\"@type\":\"WebSite\",\"@id\":\"https:\\\/\\\/naturapura.com\\\/de\\\/#website\",\"url\":\"https:\\\/\\\/naturapura.com\\\/de\\\/\",\"name\":\"NaturaPura\",\"description\":\"Roupinha de Beb\u00e9 e Complementos em Org\u00e2nico\",\"publisher\":{\"@id\":\"https:\\\/\\\/naturapura.com\\\/de\\\/#organization\"},\"potentialAction\":[{\"@type\":\"SearchAction\",\"target\":{\"@type\":\"EntryPoint\",\"urlTemplate\":\"https:\\\/\\\/naturapura.com\\\/de\\\/?s={search_term_string}\"},\"query-input\":{\"@type\":\"PropertyValueSpecification\",\"valueRequired\":true,\"valueName\":\"search_term_string\"}}],\"inLanguage\":\"de\"},{\"@type\":\"Organization\",\"@id\":\"https:\\\/\\\/naturapura.com\\\/de\\\/#organization\",\"name\":\"NATURAPURA\",\"url\":\"https:\\\/\\\/naturapura.com\\\/de\\\/\",\"logo\":{\"@type\":\"ImageObject\",\"inLanguage\":\"de\",\"@id\":\"https:\\\/\\\/naturapura.com\\\/de\\\/#\\\/schema\\\/logo\\\/image\\\/\",\"url\":\"https:\\\/\\\/i0.wp.com\\\/naturapura.com\\\/wp-content\\\/uploads\\\/2023\\\/09\\\/logo-NP-bebe.png?fit=481%2C101&ssl=1\",\"contentUrl\":\"https:\\\/\\\/i0.wp.com\\\/naturapura.com\\\/wp-content\\\/uploads\\\/2023\\\/09\\\/logo-NP-bebe.png?fit=481%2C101&ssl=1\",\"width\":481,\"height\":101,\"caption\":\"NATURAPURA\"},\"image\":{\"@id\":\"https:\\\/\\\/naturapura.com\\\/de\\\/#\\\/schema\\\/logo\\\/image\\\/\"}}]}<\/script>\n<!-- \/ Yoast SEO plugin. -->","yoast_head_json":{"title":"EU-EcoLabel und dermatologische Tests - NaturaPura","description":"NaturaPura garantiert, dass seine Produkte keine Gesundheitssch\u00e4dlichen Chemikalien f\u00fcr Ihr Baby haben und keine Allergien auf ihrer empfindlichen Haut verursachen.","robots":{"index":"index","follow":"follow","max-snippet":"max-snippet:-1","max-image-preview":"max-image-preview:large","max-video-preview":"max-video-preview:-1"},"canonical":"https:\/\/naturapura.com\/de\/eu-ecolabel-und-dermatologische-tests\/","og_locale":"de_DE","og_type":"article","og_title":"EU-EcoLabel und dermatologische Tests - NaturaPura","og_description":"NaturaPura garantiert, dass seine Produkte keine Gesundheitssch\u00e4dlichen Chemikalien f\u00fcr Ihr Baby haben und keine Allergien auf ihrer empfindlichen Haut verursachen.","og_url":"https:\/\/naturapura.com\/de\/eu-ecolabel-und-dermatologische-tests\/","og_site_name":"NaturaPura","article_modified_time":"2020-10-19T08:26:48+00:00","og_image":[{"url":"https:\/\/naturapura.com\/wp-content\/uploads\/2019\/12\/ECOLABEL_SEM-FUNDO-300x297.png","type":"","width":"","height":""}],"twitter_card":"summary_large_image","twitter_misc":{"Gesch\u00e4tzte Lesezeit":"2\u00a0Minuten"},"schema":{"@context":"https:\/\/schema.org","@graph":[{"@type":"WebPage","@id":"https:\/\/naturapura.com\/de\/eu-ecolabel-und-dermatologische-tests\/","url":"https:\/\/naturapura.com\/de\/eu-ecolabel-und-dermatologische-tests\/","name":"EU-EcoLabel und dermatologische Tests - NaturaPura","isPartOf":{"@id":"https:\/\/naturapura.com\/de\/#website"},"primaryImageOfPage":{"@id":"https:\/\/naturapura.com\/de\/eu-ecolabel-und-dermatologische-tests\/#primaryimage"},"image":{"@id":"https:\/\/naturapura.com\/de\/eu-ecolabel-und-dermatologische-tests\/#primaryimage"},"thumbnailUrl":"https:\/\/naturapura.com\/wp-content\/uploads\/2019\/12\/ECOLABEL_SEM-FUNDO-300x297.png","datePublished":"2020-09-14T08:48:05+00:00","dateModified":"2020-10-19T08:26:48+00:00","description":"NaturaPura garantiert, dass seine Produkte keine Gesundheitssch\u00e4dlichen Chemikalien f\u00fcr Ihr Baby haben und keine Allergien auf ihrer empfindlichen Haut verursachen.","breadcrumb":{"@id":"https:\/\/naturapura.com\/de\/eu-ecolabel-und-dermatologische-tests\/#breadcrumb"},"inLanguage":"de","potentialAction":[{"@type":"ReadAction","target":["https:\/\/naturapura.com\/de\/eu-ecolabel-und-dermatologische-tests\/"]}]},{"@type":"ImageObject","inLanguage":"de","@id":"https:\/\/naturapura.com\/de\/eu-ecolabel-und-dermatologische-tests\/#primaryimage","url":"https:\/\/naturapura.com\/wp-content\/uploads\/2019\/12\/ECOLABEL_SEM-FUNDO-300x297.png","contentUrl":"https:\/\/naturapura.com\/wp-content\/uploads\/2019\/12\/ECOLABEL_SEM-FUNDO-300x297.png"},{"@type":"BreadcrumbList","@id":"https:\/\/naturapura.com\/de\/eu-ecolabel-und-dermatologische-tests\/#breadcrumb","itemListElement":[{"@type":"ListItem","position":1,"name":"In\u00edcio","item":"https:\/\/naturapura.com\/de\/"},{"@type":"ListItem","position":2,"name":"EU-EcoLabel und dermatologische Tests"}]},{"@type":"WebSite","@id":"https:\/\/naturapura.com\/de\/#website","url":"https:\/\/naturapura.com\/de\/","name":"NaturaPura","description":"Roupinha de Beb\u00e9 e Complementos em Org\u00e2nico","publisher":{"@id":"https:\/\/naturapura.com\/de\/#organization"},"potentialAction":[{"@type":"SearchAction","target":{"@type":"EntryPoint","urlTemplate":"https:\/\/naturapura.com\/de\/?s={search_term_string}"},"query-input":{"@type":"PropertyValueSpecification","valueRequired":true,"valueName":"search_term_string"}}],"inLanguage":"de"},{"@type":"Organization","@id":"https:\/\/naturapura.com\/de\/#organization","name":"NATURAPURA","url":"https:\/\/naturapura.com\/de\/","logo":{"@type":"ImageObject","inLanguage":"de","@id":"https:\/\/naturapura.com\/de\/#\/schema\/logo\/image\/","url":"https:\/\/i0.wp.com\/naturapura.com\/wp-content\/uploads\/2023\/09\/logo-NP-bebe.png?fit=481%2C101&ssl=1","contentUrl":"https:\/\/i0.wp.com\/naturapura.com\/wp-content\/uploads\/2023\/09\/logo-NP-bebe.png?fit=481%2C101&ssl=1","width":481,"height":101,"caption":"NATURAPURA"},"image":{"@id":"https:\/\/naturapura.com\/de\/#\/schema\/logo\/image\/"}}]}},"jetpack_sharing_enabled":true,"_links":{"self":[{"href":"https:\/\/naturapura.com\/de\/wp-json\/wp\/v2\/pages\/33570","targetHints":{"allow":["GET"]}}],"collection":[{"href":"https:\/\/naturapura.com\/de\/wp-json\/wp\/v2\/pages"}],"about":[{"href":"https:\/\/naturapura.com\/de\/wp-json\/wp\/v2\/types\/page"}],"author":[{"embeddable":true,"href":"https:\/\/naturapura.com\/de\/wp-json\/wp\/v2\/users\/18"}],"replies":[{"embeddable":true,"href":"https:\/\/naturapura.com\/de\/wp-json\/wp\/v2\/comments?post=33570"}],"version-history":[{"count":0,"href":"https:\/\/naturapura.com\/de\/wp-json\/wp\/v2\/pages\/33570\/revisions"}],"wp:attachment":[{"href":"https:\/\/naturapura.com\/de\/wp-json\/wp\/v2\/media?parent=33570"}],"curies":[{"name":"wp","href":"https:\/\/api.w.org\/{rel}","templated":true}]}}