{"id":33567,"date":"2020-09-14T08:44:20","date_gmt":"2020-09-14T08:44:20","guid":{"rendered":"https:\/\/naturapura.com\/lieferung-und-rucksendung\/"},"modified":"2022-02-11T17:59:13","modified_gmt":"2022-02-11T17:59:13","slug":"lieferung-und-rucksendung","status":"publish","type":"page","link":"https:\/\/naturapura.com\/de\/lieferung-und-rucksendung\/","title":{"rendered":"Lieferung und R\u00fccksendung"},"content":{"rendered":"\n<div class=\"row\"  id=\"row-428374277\">\n\n\n\t<div id=\"col-1104001071\" class=\"col medium-1 small-12 large-1\"  >\n\t\t\t\t<div class=\"col-inner\"  >\n\t\t\t\n\t\t\t\n\n\n\t\t<\/div>\n\t\t\t\t\t<\/div>\n\n\t\n\n\t<div id=\"col-1673986350\" class=\"col medium-10 small-12 large-10\"  >\n\t\t\t\t<div class=\"col-inner\"  >\n\t\t\t\n\t\t\t\n\n<h2>Lieferung und R\u00fcckgabe<\/h2>\r\n<h3><strong>Lieferung<\/strong><\/h3>\r\n<h4>Versandkosten<\/h4>\r\n<p style=\"text-align: justify;\">Die Versandkosten sind ein Standardwert, unabh\u00e4ngig davon, wie viele Artikel Sie Ihrer Bestellung hinzuf\u00fcgen. Kosten ohne MwSt:<\/p>\r\n\r\n<h5><em><strong>Zone A \u2013 Belgien, Frankreich (au\u00dfer Corsega), Deutschland, Luxemburg, Niederlande<\/strong><\/em><\/h5>\r\n<ul>\r\n \t<li>6,90 \u20ac<\/li>\r\n<\/ul>\r\n<h5><em><strong>Zone B \u2013 Irland, Italien<\/strong><\/em><\/h5>\r\n<ul>\r\n \t<li>7,90 \u20ac<\/li>\r\n<\/ul>\r\n<h5><em><strong>Zone C \u2013 Portugal, Spanien (ausgenommen \u00dcberseegebiete)<\/strong><\/em><\/h5>\r\n<ul>\r\n \t<li>3,90 \u20ac<\/li>\r\n<\/ul>\r\n<h5><em><strong>Zone C1 \u2013 Corsega, Spanien (Inseln)<\/strong><\/em><\/h5>\r\n<ul>\r\n \t<li>12,90 \u20ac<\/li>\r\n<\/ul>\r\n<h5><em><strong>Zone D \u2013 \u00d6sterreich, Bulgarien, Kroatien, Tschechische Republik, D\u00e4nemark, Estland, Finnland, Griechenland, Ungarn, Lettland, Litauen, Norwegen, Polen, Rum\u00e4nien, Slowakei, Slowenien, Schweden<\/strong><\/em><\/h5>\r\n<ul>\r\n \t<li>11,90 \u20ac<\/li>\r\n<\/ul>\r\n<h5><em><strong>Zone E <\/strong><\/em><em><strong>\u2013 <\/strong><\/em><em><strong>Vereinigtes K\u00f6nigreich<\/strong><\/em><\/h5>\r\n<ul>\r\n \t<li>19,90 \u00a3<\/li>\r\n<\/ul>\r\n<h5><em><strong>Zone F <\/strong><\/em><em><strong>\u2013 <\/strong><\/em><em><strong>Schweiz<\/strong><\/em><\/h5>\r\n<ul>\r\n \t<li>19,90 \u20ac<\/li>\r\n<\/ul>\r\n<h5><em><strong>Zone G \u2013 Kanada, Mexiko, Vereinigte Staaten von Amerika<\/strong><\/em><\/h5>\r\n<ul>\r\n \t<li>24,90 \u20ac<\/li>\r\n<\/ul>\r\n<h5><em><strong>Zone H \u2013 Rest der Welt<\/strong><\/em><\/h5>\r\n<ul>\r\n \t<li>29,90 \u20ac<\/li>\r\n<\/ul>\r\n<h5><em><strong>Zone I &#8211; Zypern<\/strong><\/em><\/h5>\r\n<ul>\r\n \t<li>49,90 \u20ac<\/li>\r\n<\/ul>\r\nLieferzeiten\r\n<ul>\r\n \t<li><strong>Europa<\/strong> &#8211; bis zu 3 Werktage<\/li>\r\n \t<li><strong>Rest der Welt<\/strong> &#8211; bis zu 5 Werktage<\/li>\r\n \t<li><strong>Personalisierte Artikel<\/strong> &#8211; bis zu 20 Werktage<\/li>\r\n<\/ul>\r\n<strong style=\"color: #555555; text-align: justify;\">Hinweis<\/strong><span style=\"color: #555555; text-align: justify;\">: Alle Artikel in Ihrer Bestellung werden gleichzeitig geliefert. Bitte beachten Sie, dass Sie Ihre Bestellung nur innerhalb von 20 Werktagen erhalten, wenn Sie zusammen mit anderen Produkten einen personalisierten Artikel bestellen.<\/span>\r\n<h3><strong>R\u00fcckgabe<\/strong><\/h3>\r\n<p style=\"text-align: justify;\">Wir m\u00f6chten, dass Sie sich bei der Bestellung in unserem Online-Shop pudelwohl f\u00fchlen! Damit Sie die bestm\u00f6gliche Erfahrung machen k\u00f6nnen, m\u00f6chten wir sicherstellen, dass Sie die beste Qualit\u00e4t in unseren Produkten finden. Wenn Sie aus irgendeinem Grund mit Ihrem Kauf nicht vollst\u00e4ndig zufrieden sind, ersetzen wir die Artikel durch andere Ihrer Wahl.<\/p>\r\n<p style=\"text-align: justify;\">R\u00fccksendungen werden immer innerhalb von <u>14 Tagen<\/u> nach Eingang Ihrer Bestellung akzeptiert, wenn die Produkte nicht <u>verwendet oder gewaschen<\/u> wurden und die <u>Originaletiketten<\/u> angebracht sind.<\/p>\r\n<p style=\"text-align: justify;\">Wenn Sie einen Ihrer gekauften Artikel zur\u00fcckgeben m\u00f6chten, wenden Sie sich bitte an <a href=\"mailto:customer.service@naturapura.eu\">customer.service@naturapura.eu<\/a>. Wir geben Ihnen Anweisungen zum weiteren Vorgehen.<\/p>\r\n<p style=\"text-align: justify;\"><strong>Hinweis<\/strong>: Wir akzeptieren keine R\u00fccksendungen personalisierter Artikel, es sei denn, das Produkt weist einen Herstellungsfehler auf.<\/p>\n\n\n\t\t<\/div>\n\t\t\t\t\t<\/div>\n\n\t\n\n<\/div>\n\n","protected":false},"excerpt":{"rendered":"","protected":false},"author":18,"featured_media":0,"parent":0,"menu_order":0,"comment_status":"closed","ping_status":"closed","template":"","meta":{"footnotes":""},"class_list":["post-33567","page","type-page","status-publish","hentry"],"yoast_head":"<!-- This site is optimized with the Yoast SEO plugin v27.4 - https:\/\/yoast.com\/product\/yoast-seo-wordpress\/ -->\n<title>Lieferung und R\u00fccksendung - NaturaPura<\/title>\n<meta name=\"description\" content=\"Alle Artikel in Ihrer Bestellung werden gleichzeitig geliefert. Wenn Sie einen gekauften Artikel zur\u00fcckgeben m\u00f6chten, kontaktieren Sie uns bitte.\" \/>\n<meta name=\"robots\" content=\"index, follow, max-snippet:-1, max-image-preview:large, max-video-preview:-1\" \/>\n<link rel=\"canonical\" href=\"https:\/\/naturapura.com\/de\/lieferung-und-rucksendung\/\" \/>\n<meta property=\"og:locale\" content=\"de_DE\" \/>\n<meta property=\"og:type\" content=\"article\" \/>\n<meta property=\"og:title\" content=\"Lieferung und R\u00fccksendung - NaturaPura\" \/>\n<meta property=\"og:description\" content=\"Alle Artikel in Ihrer Bestellung werden gleichzeitig geliefert. Wenn Sie einen gekauften Artikel zur\u00fcckgeben m\u00f6chten, kontaktieren Sie uns bitte.\" \/>\n<meta property=\"og:url\" content=\"https:\/\/naturapura.com\/de\/lieferung-und-rucksendung\/\" \/>\n<meta property=\"og:site_name\" content=\"NaturaPura\" \/>\n<meta property=\"article:modified_time\" content=\"2022-02-11T17:59:13+00:00\" \/>\n<meta name=\"twitter:card\" content=\"summary_large_image\" \/>\n<meta name=\"twitter:label1\" content=\"Gesch\u00e4tzte Lesezeit\" \/>\n\t<meta name=\"twitter:data1\" content=\"1\u00a0Minute\" \/>\n<script type=\"application\/ld+json\" class=\"yoast-schema-graph\">{\"@context\":\"https:\\\/\\\/schema.org\",\"@graph\":[{\"@type\":\"WebPage\",\"@id\":\"https:\\\/\\\/naturapura.com\\\/de\\\/lieferung-und-rucksendung\\\/\",\"url\":\"https:\\\/\\\/naturapura.com\\\/de\\\/lieferung-und-rucksendung\\\/\",\"name\":\"Lieferung und R\u00fccksendung - NaturaPura\",\"isPartOf\":{\"@id\":\"https:\\\/\\\/naturapura.com\\\/de\\\/#website\"},\"datePublished\":\"2020-09-14T08:44:20+00:00\",\"dateModified\":\"2022-02-11T17:59:13+00:00\",\"description\":\"Alle Artikel in Ihrer Bestellung werden gleichzeitig geliefert. Wenn Sie einen gekauften Artikel zur\u00fcckgeben m\u00f6chten, kontaktieren Sie uns bitte.\",\"breadcrumb\":{\"@id\":\"https:\\\/\\\/naturapura.com\\\/de\\\/lieferung-und-rucksendung\\\/#breadcrumb\"},\"inLanguage\":\"de\",\"potentialAction\":[{\"@type\":\"ReadAction\",\"target\":[\"https:\\\/\\\/naturapura.com\\\/de\\\/lieferung-und-rucksendung\\\/\"]}]},{\"@type\":\"BreadcrumbList\",\"@id\":\"https:\\\/\\\/naturapura.com\\\/de\\\/lieferung-und-rucksendung\\\/#breadcrumb\",\"itemListElement\":[{\"@type\":\"ListItem\",\"position\":1,\"name\":\"In\u00edcio\",\"item\":\"https:\\\/\\\/naturapura.com\\\/de\\\/\"},{\"@type\":\"ListItem\",\"position\":2,\"name\":\"Lieferung und R\u00fccksendung\"}]},{\"@type\":\"WebSite\",\"@id\":\"https:\\\/\\\/naturapura.com\\\/de\\\/#website\",\"url\":\"https:\\\/\\\/naturapura.com\\\/de\\\/\",\"name\":\"NaturaPura\",\"description\":\"Roupinha de Beb\u00e9 e Complementos em Org\u00e2nico\",\"publisher\":{\"@id\":\"https:\\\/\\\/naturapura.com\\\/de\\\/#organization\"},\"potentialAction\":[{\"@type\":\"SearchAction\",\"target\":{\"@type\":\"EntryPoint\",\"urlTemplate\":\"https:\\\/\\\/naturapura.com\\\/de\\\/?s={search_term_string}\"},\"query-input\":{\"@type\":\"PropertyValueSpecification\",\"valueRequired\":true,\"valueName\":\"search_term_string\"}}],\"inLanguage\":\"de\"},{\"@type\":\"Organization\",\"@id\":\"https:\\\/\\\/naturapura.com\\\/de\\\/#organization\",\"name\":\"NATURAPURA\",\"url\":\"https:\\\/\\\/naturapura.com\\\/de\\\/\",\"logo\":{\"@type\":\"ImageObject\",\"inLanguage\":\"de\",\"@id\":\"https:\\\/\\\/naturapura.com\\\/de\\\/#\\\/schema\\\/logo\\\/image\\\/\",\"url\":\"https:\\\/\\\/i0.wp.com\\\/naturapura.com\\\/wp-content\\\/uploads\\\/2023\\\/09\\\/logo-NP-bebe.png?fit=481%2C101&ssl=1\",\"contentUrl\":\"https:\\\/\\\/i0.wp.com\\\/naturapura.com\\\/wp-content\\\/uploads\\\/2023\\\/09\\\/logo-NP-bebe.png?fit=481%2C101&ssl=1\",\"width\":481,\"height\":101,\"caption\":\"NATURAPURA\"},\"image\":{\"@id\":\"https:\\\/\\\/naturapura.com\\\/de\\\/#\\\/schema\\\/logo\\\/image\\\/\"}}]}<\/script>\n<!-- \/ Yoast SEO plugin. -->","yoast_head_json":{"title":"Lieferung und R\u00fccksendung - NaturaPura","description":"Alle Artikel in Ihrer Bestellung werden gleichzeitig geliefert. Wenn Sie einen gekauften Artikel zur\u00fcckgeben m\u00f6chten, kontaktieren Sie uns bitte.","robots":{"index":"index","follow":"follow","max-snippet":"max-snippet:-1","max-image-preview":"max-image-preview:large","max-video-preview":"max-video-preview:-1"},"canonical":"https:\/\/naturapura.com\/de\/lieferung-und-rucksendung\/","og_locale":"de_DE","og_type":"article","og_title":"Lieferung und R\u00fccksendung - NaturaPura","og_description":"Alle Artikel in Ihrer Bestellung werden gleichzeitig geliefert. Wenn Sie einen gekauften Artikel zur\u00fcckgeben m\u00f6chten, kontaktieren Sie uns bitte.","og_url":"https:\/\/naturapura.com\/de\/lieferung-und-rucksendung\/","og_site_name":"NaturaPura","article_modified_time":"2022-02-11T17:59:13+00:00","twitter_card":"summary_large_image","twitter_misc":{"Gesch\u00e4tzte Lesezeit":"1\u00a0Minute"},"schema":{"@context":"https:\/\/schema.org","@graph":[{"@type":"WebPage","@id":"https:\/\/naturapura.com\/de\/lieferung-und-rucksendung\/","url":"https:\/\/naturapura.com\/de\/lieferung-und-rucksendung\/","name":"Lieferung und R\u00fccksendung - NaturaPura","isPartOf":{"@id":"https:\/\/naturapura.com\/de\/#website"},"datePublished":"2020-09-14T08:44:20+00:00","dateModified":"2022-02-11T17:59:13+00:00","description":"Alle Artikel in Ihrer Bestellung werden gleichzeitig geliefert. Wenn Sie einen gekauften Artikel zur\u00fcckgeben m\u00f6chten, kontaktieren Sie uns bitte.","breadcrumb":{"@id":"https:\/\/naturapura.com\/de\/lieferung-und-rucksendung\/#breadcrumb"},"inLanguage":"de","potentialAction":[{"@type":"ReadAction","target":["https:\/\/naturapura.com\/de\/lieferung-und-rucksendung\/"]}]},{"@type":"BreadcrumbList","@id":"https:\/\/naturapura.com\/de\/lieferung-und-rucksendung\/#breadcrumb","itemListElement":[{"@type":"ListItem","position":1,"name":"In\u00edcio","item":"https:\/\/naturapura.com\/de\/"},{"@type":"ListItem","position":2,"name":"Lieferung und R\u00fccksendung"}]},{"@type":"WebSite","@id":"https:\/\/naturapura.com\/de\/#website","url":"https:\/\/naturapura.com\/de\/","name":"NaturaPura","description":"Roupinha de Beb\u00e9 e Complementos em Org\u00e2nico","publisher":{"@id":"https:\/\/naturapura.com\/de\/#organization"},"potentialAction":[{"@type":"SearchAction","target":{"@type":"EntryPoint","urlTemplate":"https:\/\/naturapura.com\/de\/?s={search_term_string}"},"query-input":{"@type":"PropertyValueSpecification","valueRequired":true,"valueName":"search_term_string"}}],"inLanguage":"de"},{"@type":"Organization","@id":"https:\/\/naturapura.com\/de\/#organization","name":"NATURAPURA","url":"https:\/\/naturapura.com\/de\/","logo":{"@type":"ImageObject","inLanguage":"de","@id":"https:\/\/naturapura.com\/de\/#\/schema\/logo\/image\/","url":"https:\/\/i0.wp.com\/naturapura.com\/wp-content\/uploads\/2023\/09\/logo-NP-bebe.png?fit=481%2C101&ssl=1","contentUrl":"https:\/\/i0.wp.com\/naturapura.com\/wp-content\/uploads\/2023\/09\/logo-NP-bebe.png?fit=481%2C101&ssl=1","width":481,"height":101,"caption":"NATURAPURA"},"image":{"@id":"https:\/\/naturapura.com\/de\/#\/schema\/logo\/image\/"}}]}},"jetpack_sharing_enabled":true,"_links":{"self":[{"href":"https:\/\/naturapura.com\/de\/wp-json\/wp\/v2\/pages\/33567","targetHints":{"allow":["GET"]}}],"collection":[{"href":"https:\/\/naturapura.com\/de\/wp-json\/wp\/v2\/pages"}],"about":[{"href":"https:\/\/naturapura.com\/de\/wp-json\/wp\/v2\/types\/page"}],"author":[{"embeddable":true,"href":"https:\/\/naturapura.com\/de\/wp-json\/wp\/v2\/users\/18"}],"replies":[{"embeddable":true,"href":"https:\/\/naturapura.com\/de\/wp-json\/wp\/v2\/comments?post=33567"}],"version-history":[{"count":0,"href":"https:\/\/naturapura.com\/de\/wp-json\/wp\/v2\/pages\/33567\/revisions"}],"wp:attachment":[{"href":"https:\/\/naturapura.com\/de\/wp-json\/wp\/v2\/media?parent=33567"}],"curies":[{"name":"wp","href":"https:\/\/api.w.org\/{rel}","templated":true}]}}