{"id":33559,"date":"2020-09-14T08:37:07","date_gmt":"2020-09-14T08:37:07","guid":{"rendered":"https:\/\/naturapura.com\/uber-uns\/"},"modified":"2021-06-16T15:06:08","modified_gmt":"2021-06-16T15:06:08","slug":"uber-uns","status":"publish","type":"page","link":"https:\/\/naturapura.com\/de\/uber-uns\/","title":{"rendered":"\u00dcber uns"},"content":{"rendered":"\n<div class=\"row\"  id=\"row-139459221\">\n\n\n\t<div id=\"col-581338397\" class=\"col medium-1 small-12 large-1\"  >\n\t\t\t\t<div class=\"col-inner\"  >\n\t\t\t\n\t\t\t\n\n\n\t\t<\/div>\n\t\t\t\t\t<\/div>\n\n\t\n\n\t<div id=\"col-74306198\" class=\"col medium-10 small-12 large-10\"  >\n\t\t\t\t<div class=\"col-inner\"  >\n\t\t\t\n\t\t\t\n\n<h2><strong>\u00dcber uns<\/strong><\/h2>\r\n<p style=\"text-align: justify;\">Die Geburt eines Babys ist ein einzigartiges Ereignis. Um die ersten Monate angenehm und sicher zu gestalten, haben wir <strong>NaturaPura <\/strong>entwickelt.<\/p>\r\n<p style=\"text-align: justify;\">Bei NaturaPura steht die <strong>Gesundheit des Babys an erster Stelle<\/strong>. Es wird nur <a href=\"https:\/\/naturapura.com\/de\/unsere-bio-baumwolle-fur-baby\/\"><strong>100% Bio-Baumwolle <\/strong><\/a>verwendet, <strong>ungef\u00e4rbt, nat\u00fcrlich<\/strong> und frei von Chemikalien.<\/p>\r\n<p style=\"text-align: justify;\">Unsere Babykleidung ist ideal f\u00fcr die empfindlichste Haut und mehr. Sie ist mit dem Umweltzeichen der <a href=\"https:\/\/naturapura.com\/de\/eu-ecolabel-und-dermatologische-tests\/\"><strong>Europ\u00e4ischen Union zertifizie<\/strong><strong>rt<\/strong><\/a> und garantiert den Verbrauchern, dass sie tats\u00e4chlich ein umweltfreundliches Produkt kaufen, das <a href=\"https:\/\/naturapura.com\/de\/eu-ecolabel-und-dermatologische-tests\/\"><strong>dermatologisch getestet<\/strong><\/a> wurde, keine giftigen Produkte enth\u00e4lt und die empfindliche Haut des Babys nicht reizt .<\/p>\r\n<p style=\"text-align: justify;\">Dar\u00fcber hinaus hat unsere Babykleidung einige wichtige Eigenschaften: Sie werden nur mit 100% Baumwollf\u00e4den gen\u00e4ht, die Etiketten sind au\u00dfen an den Teilen aufgen\u00e4ht und einige unserer Artikel haben keine N\u00e4hte.<\/p>\r\n<p style=\"text-align: justify;\">All diese Besonderheiten tragen zum <strong>Wohlbefinden und Komfort<\/strong> Ihres Babys bei.<\/p>\r\n<p style=\"text-align: justify;\">Mit<strong> NaturaPura<\/strong> ist die <strong>Haut Ihres Babys<\/strong> immer gesch\u00fctzt. Und der Planet auch!<\/p>\n\n\t\t<\/div>\n\t\t\t\t\t<\/div>\n\n\t\n\n<\/div>\n\n","protected":false},"excerpt":{"rendered":"","protected":false},"author":18,"featured_media":0,"parent":0,"menu_order":0,"comment_status":"closed","ping_status":"closed","template":"","meta":{"footnotes":""},"class_list":["post-33559","page","type-page","status-publish","hentry"],"yoast_head":"<!-- This site is optimized with the Yoast SEO plugin v27.3 - https:\/\/yoast.com\/product\/yoast-seo-wordpress\/ -->\n<title>\u00dcber uns - NaturaPura<\/title>\n<meta name=\"description\" content=\"Die Geburt eines Babys ist ein einzigartiges Ereignis. Um die ersten Monate angenehm und sicher zu gestalten, haben wir NaturaPura entwickelt.\" \/>\n<meta name=\"robots\" content=\"index, follow, max-snippet:-1, max-image-preview:large, max-video-preview:-1\" \/>\n<link rel=\"canonical\" href=\"https:\/\/naturapura.com\/de\/uber-uns\/\" \/>\n<meta property=\"og:locale\" content=\"de_DE\" \/>\n<meta property=\"og:type\" content=\"article\" \/>\n<meta property=\"og:title\" content=\"\u00dcber uns - NaturaPura\" \/>\n<meta property=\"og:description\" content=\"Die Geburt eines Babys ist ein einzigartiges Ereignis. Um die ersten Monate angenehm und sicher zu gestalten, haben wir NaturaPura entwickelt.\" \/>\n<meta property=\"og:url\" content=\"https:\/\/naturapura.com\/de\/uber-uns\/\" \/>\n<meta property=\"og:site_name\" content=\"NaturaPura\" \/>\n<meta property=\"article:modified_time\" content=\"2021-06-16T15:06:08+00:00\" \/>\n<meta name=\"twitter:card\" content=\"summary_large_image\" \/>\n<meta name=\"twitter:label1\" content=\"Gesch\u00e4tzte Lesezeit\" \/>\n\t<meta name=\"twitter:data1\" content=\"1\u00a0Minute\" \/>\n<script type=\"application\/ld+json\" class=\"yoast-schema-graph\">{\"@context\":\"https:\\\/\\\/schema.org\",\"@graph\":[{\"@type\":\"WebPage\",\"@id\":\"https:\\\/\\\/naturapura.com\\\/de\\\/uber-uns\\\/\",\"url\":\"https:\\\/\\\/naturapura.com\\\/de\\\/uber-uns\\\/\",\"name\":\"\u00dcber uns - NaturaPura\",\"isPartOf\":{\"@id\":\"https:\\\/\\\/naturapura.com\\\/de\\\/#website\"},\"datePublished\":\"2020-09-14T08:37:07+00:00\",\"dateModified\":\"2021-06-16T15:06:08+00:00\",\"description\":\"Die Geburt eines Babys ist ein einzigartiges Ereignis. Um die ersten Monate angenehm und sicher zu gestalten, haben wir NaturaPura entwickelt.\",\"breadcrumb\":{\"@id\":\"https:\\\/\\\/naturapura.com\\\/de\\\/uber-uns\\\/#breadcrumb\"},\"inLanguage\":\"de\",\"potentialAction\":[{\"@type\":\"ReadAction\",\"target\":[\"https:\\\/\\\/naturapura.com\\\/de\\\/uber-uns\\\/\"]}]},{\"@type\":\"BreadcrumbList\",\"@id\":\"https:\\\/\\\/naturapura.com\\\/de\\\/uber-uns\\\/#breadcrumb\",\"itemListElement\":[{\"@type\":\"ListItem\",\"position\":1,\"name\":\"In\u00edcio\",\"item\":\"https:\\\/\\\/naturapura.com\\\/de\\\/\"},{\"@type\":\"ListItem\",\"position\":2,\"name\":\"\u00dcber uns\"}]},{\"@type\":\"WebSite\",\"@id\":\"https:\\\/\\\/naturapura.com\\\/de\\\/#website\",\"url\":\"https:\\\/\\\/naturapura.com\\\/de\\\/\",\"name\":\"NaturaPura\",\"description\":\"Roupinha de Beb\u00e9 e Complementos em Org\u00e2nico\",\"publisher\":{\"@id\":\"https:\\\/\\\/naturapura.com\\\/de\\\/#organization\"},\"potentialAction\":[{\"@type\":\"SearchAction\",\"target\":{\"@type\":\"EntryPoint\",\"urlTemplate\":\"https:\\\/\\\/naturapura.com\\\/de\\\/?s={search_term_string}\"},\"query-input\":{\"@type\":\"PropertyValueSpecification\",\"valueRequired\":true,\"valueName\":\"search_term_string\"}}],\"inLanguage\":\"de\"},{\"@type\":\"Organization\",\"@id\":\"https:\\\/\\\/naturapura.com\\\/de\\\/#organization\",\"name\":\"NATURAPURA\",\"url\":\"https:\\\/\\\/naturapura.com\\\/de\\\/\",\"logo\":{\"@type\":\"ImageObject\",\"inLanguage\":\"de\",\"@id\":\"https:\\\/\\\/naturapura.com\\\/de\\\/#\\\/schema\\\/logo\\\/image\\\/\",\"url\":\"https:\\\/\\\/i0.wp.com\\\/naturapura.com\\\/wp-content\\\/uploads\\\/2023\\\/09\\\/logo-NP-bebe.png?fit=481%2C101&ssl=1\",\"contentUrl\":\"https:\\\/\\\/i0.wp.com\\\/naturapura.com\\\/wp-content\\\/uploads\\\/2023\\\/09\\\/logo-NP-bebe.png?fit=481%2C101&ssl=1\",\"width\":481,\"height\":101,\"caption\":\"NATURAPURA\"},\"image\":{\"@id\":\"https:\\\/\\\/naturapura.com\\\/de\\\/#\\\/schema\\\/logo\\\/image\\\/\"}}]}<\/script>\n<!-- \/ Yoast SEO plugin. -->","yoast_head_json":{"title":"\u00dcber uns - NaturaPura","description":"Die Geburt eines Babys ist ein einzigartiges Ereignis. Um die ersten Monate angenehm und sicher zu gestalten, haben wir NaturaPura entwickelt.","robots":{"index":"index","follow":"follow","max-snippet":"max-snippet:-1","max-image-preview":"max-image-preview:large","max-video-preview":"max-video-preview:-1"},"canonical":"https:\/\/naturapura.com\/de\/uber-uns\/","og_locale":"de_DE","og_type":"article","og_title":"\u00dcber uns - NaturaPura","og_description":"Die Geburt eines Babys ist ein einzigartiges Ereignis. Um die ersten Monate angenehm und sicher zu gestalten, haben wir NaturaPura entwickelt.","og_url":"https:\/\/naturapura.com\/de\/uber-uns\/","og_site_name":"NaturaPura","article_modified_time":"2021-06-16T15:06:08+00:00","twitter_card":"summary_large_image","twitter_misc":{"Gesch\u00e4tzte Lesezeit":"1\u00a0Minute"},"schema":{"@context":"https:\/\/schema.org","@graph":[{"@type":"WebPage","@id":"https:\/\/naturapura.com\/de\/uber-uns\/","url":"https:\/\/naturapura.com\/de\/uber-uns\/","name":"\u00dcber uns - NaturaPura","isPartOf":{"@id":"https:\/\/naturapura.com\/de\/#website"},"datePublished":"2020-09-14T08:37:07+00:00","dateModified":"2021-06-16T15:06:08+00:00","description":"Die Geburt eines Babys ist ein einzigartiges Ereignis. Um die ersten Monate angenehm und sicher zu gestalten, haben wir NaturaPura entwickelt.","breadcrumb":{"@id":"https:\/\/naturapura.com\/de\/uber-uns\/#breadcrumb"},"inLanguage":"de","potentialAction":[{"@type":"ReadAction","target":["https:\/\/naturapura.com\/de\/uber-uns\/"]}]},{"@type":"BreadcrumbList","@id":"https:\/\/naturapura.com\/de\/uber-uns\/#breadcrumb","itemListElement":[{"@type":"ListItem","position":1,"name":"In\u00edcio","item":"https:\/\/naturapura.com\/de\/"},{"@type":"ListItem","position":2,"name":"\u00dcber uns"}]},{"@type":"WebSite","@id":"https:\/\/naturapura.com\/de\/#website","url":"https:\/\/naturapura.com\/de\/","name":"NaturaPura","description":"Roupinha de Beb\u00e9 e Complementos em Org\u00e2nico","publisher":{"@id":"https:\/\/naturapura.com\/de\/#organization"},"potentialAction":[{"@type":"SearchAction","target":{"@type":"EntryPoint","urlTemplate":"https:\/\/naturapura.com\/de\/?s={search_term_string}"},"query-input":{"@type":"PropertyValueSpecification","valueRequired":true,"valueName":"search_term_string"}}],"inLanguage":"de"},{"@type":"Organization","@id":"https:\/\/naturapura.com\/de\/#organization","name":"NATURAPURA","url":"https:\/\/naturapura.com\/de\/","logo":{"@type":"ImageObject","inLanguage":"de","@id":"https:\/\/naturapura.com\/de\/#\/schema\/logo\/image\/","url":"https:\/\/i0.wp.com\/naturapura.com\/wp-content\/uploads\/2023\/09\/logo-NP-bebe.png?fit=481%2C101&ssl=1","contentUrl":"https:\/\/i0.wp.com\/naturapura.com\/wp-content\/uploads\/2023\/09\/logo-NP-bebe.png?fit=481%2C101&ssl=1","width":481,"height":101,"caption":"NATURAPURA"},"image":{"@id":"https:\/\/naturapura.com\/de\/#\/schema\/logo\/image\/"}}]}},"jetpack_sharing_enabled":true,"_links":{"self":[{"href":"https:\/\/naturapura.com\/de\/wp-json\/wp\/v2\/pages\/33559","targetHints":{"allow":["GET"]}}],"collection":[{"href":"https:\/\/naturapura.com\/de\/wp-json\/wp\/v2\/pages"}],"about":[{"href":"https:\/\/naturapura.com\/de\/wp-json\/wp\/v2\/types\/page"}],"author":[{"embeddable":true,"href":"https:\/\/naturapura.com\/de\/wp-json\/wp\/v2\/users\/18"}],"replies":[{"embeddable":true,"href":"https:\/\/naturapura.com\/de\/wp-json\/wp\/v2\/comments?post=33559"}],"version-history":[{"count":0,"href":"https:\/\/naturapura.com\/de\/wp-json\/wp\/v2\/pages\/33559\/revisions"}],"wp:attachment":[{"href":"https:\/\/naturapura.com\/de\/wp-json\/wp\/v2\/media?parent=33559"}],"curies":[{"name":"wp","href":"https:\/\/api.w.org\/{rel}","templated":true}]}}